{"id":112,"date":"2024-06-05T09:20:02","date_gmt":"2024-06-05T14:20:02","guid":{"rendered":"https:\/\/tecnologia.quito.gob.ec\/?page_id=112"},"modified":"2024-11-15T14:26:52","modified_gmt":"2024-11-15T19:26:52","slug":"mapa-del-sitio","status":"publish","type":"page","link":"https:\/\/politicas-privacidad.quito.gob.ec\/?page_id=112","title":{"rendered":"Mapa del Sitio"},"content":{"rendered":"\t\t<div data-elementor-type=\"wp-page\" data-elementor-id=\"112\" class=\"elementor elementor-112\" data-elementor-post-type=\"page\">\n\t\t\t\t<div class=\"elementor-element elementor-element-51dda8e3 e-flex e-con-boxed e-con e-parent\" data-id=\"51dda8e3\" data-element_type=\"container\">\n\t\t\t\t\t<div class=\"e-con-inner\">\n\t\t<div class=\"elementor-element elementor-element-177e9b49 e-flex e-con-boxed e-con e-child\" data-id=\"177e9b49\" data-element_type=\"container\">\n\t\t\t\t\t<div class=\"e-con-inner\">\n\t\t\t\t<div class=\"elementor-element elementor-element-28586d1d elementor-widget elementor-widget-shortcode\" data-id=\"28586d1d\" data-element_type=\"widget\" data-widget_type=\"shortcode.default\">\n\t\t\t\t\t\t\t<div class=\"elementor-shortcode\">\t\t\t<!-- Flexy Breadcrumb -->\r\n\t\t\t<div class=\"fbc fbc-page\">\r\n\r\n\t\t\t\t<!-- Breadcrumb wrapper -->\r\n\t\t\t\t<div class=\"fbc-wrap\">\r\n\r\n\t\t\t\t\t<!-- Ordered list-->\r\n\t\t\t\t\t<ol class=\"fbc-items\" itemscope itemtype=\"https:\/\/schema.org\/BreadcrumbList\">\r\n\t\t\t\t\t\t            <li itemprop=\"itemListElement\" itemscope itemtype=\"https:\/\/schema.org\/ListItem\">\r\n                <span itemprop=\"name\">\r\n                    <!-- Home Link -->\r\n                    <a itemprop=\"item\" href=\"https:\/\/politicas-privacidad.quito.gob.ec\">\r\n                    \r\n                                                    <i class=\"fa fa-home\" aria-hidden=\"true\"><\/i>Home                    <\/a>\r\n                <\/span>\r\n                <meta itemprop=\"position\" content=\"1\" \/><!-- Meta Position-->\r\n             <\/li><li><span class=\"fbc-separator\">\/<\/span><\/li><li class=\"active\" itemprop=\"itemListElement\" itemscope itemtype=\"https:\/\/schema.org\/ListItem\"><span itemprop=\"name\" title=\"Mapa del Sitio\">Mapa del Sitio<\/span><meta itemprop=\"position\" content=\"2\" \/><\/li>\t\t\t\t\t<\/ol>\r\n\t\t\t\t\t<div class=\"clearfix\"><\/div>\r\n\t\t\t\t<\/div>\r\n\t\t\t<\/div>\r\n\t\t\t<\/div>\n\t\t\t\t\t\t<\/div>\n\t\t\t\t\t<\/div>\n\t\t\t\t<\/div>\n\t\t\t\t\t<\/div>\n\t\t\t\t<\/div>\n\t\t<div class=\"elementor-element elementor-element-2b3a79d5 e-flex e-con-boxed e-con e-parent\" data-id=\"2b3a79d5\" data-element_type=\"container\">\n\t\t\t\t\t<div class=\"e-con-inner\">\n\t\t<div class=\"elementor-element elementor-element-69f9a34e e-flex e-con-boxed e-con e-child\" data-id=\"69f9a34e\" data-element_type=\"container\">\n\t\t\t\t\t<div class=\"e-con-inner\">\n\t\t\t\t<div class=\"elementor-element elementor-element-6323ea6e elementor-widget elementor-widget-heading\" data-id=\"6323ea6e\" data-element_type=\"widget\" data-widget_type=\"heading.default\">\n\t\t\t\t\t<h1 class=\"elementor-heading-title elementor-size-default\">MEN\u00da PRINCIPAL<\/h1>\t\t\t\t<\/div>\n\t\t\t\t<div class=\"elementor-element elementor-element-11aa3802 elementor-widget-divider--view-line elementor-widget elementor-widget-divider\" data-id=\"11aa3802\" data-element_type=\"widget\" data-widget_type=\"divider.default\">\n\t\t\t\t\t\t\t<div class=\"elementor-divider\">\n\t\t\t<span class=\"elementor-divider-separator\">\n\t\t\t\t\t\t<\/span>\n\t\t<\/div>\n\t\t\t\t\t\t<\/div>\n\t\t\t\t<div class=\"elementor-element elementor-element-29189800 elementor-widget elementor-widget-text-editor\" data-id=\"29189800\" data-element_type=\"widget\" data-widget_type=\"text-editor.default\">\n\t\t\t\t\t\t\t\t\t<p>Inicio<\/p><ul><li style=\"list-style-type: none;\"><ul><li><a href=\"https:\/\/tics.quito.gob.ec\/\">Inicio<\/a><\/li><li><a href=\"https:\/\/politicas-privacidad.quito.gob.ec\/puntos-wi-fi\/\">Puntos Wi-Fi<\/a><\/li><li><a href=\"https:\/\/politicas-privacidad.quito.gob.ec\/ciudad-inteligente\/\">Ciudad Inteligente<\/a><\/li><li><a href=\"https:\/\/politicas-privacidad.quito.gob.ec\/tips-de-seguridad\/\">Tips de Seguridad<\/a><\/li><\/ul><\/li><\/ul><div>\u00a0<\/div><p>Nuestra Instituci\u00f3n\u00a0<\/p><ul><li style=\"list-style-type: none;\"><ul><li><a href=\"https:\/\/politicas-privacidad.quito.gob.ec\/autoridad\/\">Autoridad<\/a><\/li><li><a href=\"https:\/\/politicas-privacidad.quito.gob.ec\/la-ciudad-que-sonamos\/\">La ciudad que so\u00f1amos<\/a><\/li><li><a href=\"https:\/\/politicas-privacidad.quito.gob.ec\/filosofia-institucional\/\">Filosof\u00eda Institucional<\/a><\/li><\/ul><\/li><\/ul><p>PAC<\/p><ul><li style=\"list-style-type: none;\"><ul><li><a href=\"https:\/\/politicas-privacidad.quito.gob.ec\/plan-anual-de-contratacion-2024\/\">2024<\/a><\/li><\/ul><\/li><\/ul><p>Rendici\u00f3n de Cuentas<\/p><ul><li style=\"list-style-type: none;\"><ul><li><a href=\"https:\/\/www.quito.gob.ec\/?page_id=3484\">2023<\/a><\/li><\/ul><\/li><\/ul><p>Direcciones Metropolitanas<\/p><ul><li style=\"list-style-type: none;\"><ul><li><a class=\"elementor-sub-item menu-link\" href=\"https:\/\/politicas-privacidad.quito.gob.ec\/direccion-metropolitana-de-gobierno-digital\/\">Direcci\u00f3n Metropolitana de Gobierno Digital<\/a><\/li><li><a class=\"elementor-sub-item menu-link\" href=\"https:\/\/politicas-privacidad.quito.gob.ec\/direccion-metropolitana-de-infraestructura-y-seguridad-de-tic\/\">Direcci\u00f3n Metropolitana de Infraestructura y Seguridad de TIC<\/a><\/li><li><a class=\"elementor-sub-item menu-link\" href=\"https:\/\/politicas-privacidad.quito.gob.ec\/direccion-metropolitana-de-proyectos-tecnologicos\/\">Direcci\u00f3n Metropolitana de Proyectos Tecnol\u00f3gicos<\/a><\/li><li><a class=\"elementor-sub-item menu-link\" href=\"https:\/\/politicas-privacidad.quito.gob.ec\/direccion-metropolitana-de-sistemas-de-informacion-y-servicios-tecnologicos\/\">Direcci\u00f3n Metropolitana de Sistemas de Informaci\u00f3n y Servicios Tecnol\u00f3gicos<\/a><\/li><\/ul><\/li><\/ul><p>Servicios Municipales<\/p><ul><li style=\"list-style-type: none;\"><ul><li><a href=\"https:\/\/servicios.quito.gob.ec\">Servicios Municipales<\/a><\/li><\/ul><\/li><\/ul><ul><li style=\"list-style-type: none;\">\u00a0<\/li><\/ul><p>Transparencia<\/p><ul><li style=\"list-style-type: none;\"><ul><li><a href=\"https:\/\/gobiernoabierto.quito.gob.ec\/ley-transparencia\/\">2024<\/a><\/li><\/ul><\/li><\/ul>\t\t\t\t\t\t\t\t<\/div>\n\t\t\t\t\t<\/div>\n\t\t\t\t<\/div>\n\t\t<div class=\"elementor-element elementor-element-2369eb33 e-flex e-con-boxed e-con e-child\" data-id=\"2369eb33\" data-element_type=\"container\">\n\t\t\t\t\t<div class=\"e-con-inner\">\n\t\t\t\t<div class=\"elementor-element elementor-element-60fe244c elementor-widget elementor-widget-heading\" data-id=\"60fe244c\" data-element_type=\"widget\" data-widget_type=\"heading.default\">\n\t\t\t\t\t<h6 class=\"elementor-heading-title elementor-size-default\">MEN\u00da SUPERIOR<\/h6>\t\t\t\t<\/div>\n\t\t\t\t<div class=\"elementor-element elementor-element-73429655 elementor-widget-divider--view-line elementor-widget elementor-widget-divider\" data-id=\"73429655\" data-element_type=\"widget\" data-widget_type=\"divider.default\">\n\t\t\t\t\t\t\t<div class=\"elementor-divider\">\n\t\t\t<span class=\"elementor-divider-separator\">\n\t\t\t\t\t\t<\/span>\n\t\t<\/div>\n\t\t\t\t\t\t<\/div>\n\t\t\t\t<div class=\"elementor-element elementor-element-66b250f elementor-widget elementor-widget-text-editor\" data-id=\"66b250f\" data-element_type=\"widget\" data-widget_type=\"text-editor.default\">\n\t\t\t\t\t\t\t\t\t<ul><li><a href=\"https:\/\/politicas-privacidad.quito.gob.ec\/?page_id=112\">Mapa del Sitio<\/a><\/li><li><a href=\"https:\/\/correo.quito.gob.ec\/owa\/auth\/logon.aspx?replaceCurrent=1&amp;url=https%3a%2f%2fcorreo.quito.gob.ec%2fowa%2f\">Correo Institucional\u00a0<\/a><\/li><li><a href=\"https:\/\/politicas-privacidad.quito.gob.ec\/?page_id=93\">Cont\u00e1ctenos\u00a0<\/a><\/li><\/ul>\t\t\t\t\t\t\t\t<\/div>\n\t\t\t\t\t<\/div>\n\t\t\t\t<\/div>\n\t\t<div class=\"elementor-element elementor-element-4aef3c0a e-flex e-con-boxed e-con e-child\" data-id=\"4aef3c0a\" data-element_type=\"container\">\n\t\t\t\t\t<div class=\"e-con-inner\">\n\t\t\t\t<div class=\"elementor-element elementor-element-6889ab78 elementor-widget elementor-widget-heading\" data-id=\"6889ab78\" data-element_type=\"widget\" data-widget_type=\"heading.default\">\n\t\t\t\t\t<h6 class=\"elementor-heading-title elementor-size-default\">OTROS ENLACES <\/h6>\t\t\t\t<\/div>\n\t\t\t\t<div class=\"elementor-element elementor-element-3abf3e89 elementor-widget-divider--view-line elementor-widget elementor-widget-divider\" data-id=\"3abf3e89\" data-element_type=\"widget\" data-widget_type=\"divider.default\">\n\t\t\t\t\t\t\t<div class=\"elementor-divider\">\n\t\t\t<span class=\"elementor-divider-separator\">\n\t\t\t\t\t\t<\/span>\n\t\t<\/div>\n\t\t\t\t\t\t<\/div>\n\t\t\t\t<div class=\"elementor-element elementor-element-43e7f9db elementor-widget elementor-widget-text-editor\" data-id=\"43e7f9db\" data-element_type=\"widget\" data-widget_type=\"text-editor.default\">\n\t\t\t\t\t\t\t\t\t<p>Empresas Metropolitanas<\/p><ul><li style=\"list-style-type: none;\"><ul><li><a href=\"http:\/\/www.emaseo.gob.ec\/\" target=\"_blank\" rel=\"noopener\">EMASEO<\/a><\/li><li><a href=\"http:\/\/www.emgirs.gob.ec\/\" target=\"_blank\" rel=\"noopener\">EMGIRS<\/a><\/li><li><a href=\"https:\/\/www.aguaquito.gob.ec\" target=\"_blank\" rel=\"noopener\">EPMAPS<\/a><\/li><li><a href=\"http:\/\/www.epmmop.gob.ec\">EPMMOP<\/a><\/li><li><a href=\"http:\/\/www.emseguridad-q.gob.ec\/\" target=\"_blank\" rel=\"noopener\">EMSeguridad\u00a0<\/a><\/li><li><a href=\"http:\/\/www.epmhv.gob.ec\/\" target=\"_blank\" rel=\"noopener\">H\u00e1bitat y Vivienda\u00a0<\/a><\/li><li><a href=\"https:\/\/new.mmqep.gob.ec\/\" target=\"_blank\" rel=\"noopener\">Mercado Mayorista<\/a><\/li><li><a href=\"http:\/\/www.metrodequito.gob.ec\/\" target=\"_blank\" rel=\"noopener\">Metro de Quito<\/a><\/li><li><a href=\"https:\/\/www.aeropuertoquito.gob.ec\/\" target=\"_blank\" rel=\"noopener\">Quito Aeropuerto<\/a>\u00a0<\/li><li><a href=\"http:\/\/www.quito-turismo.gob.ec\/\" target=\"_blank\" rel=\"noopener\">Quito Turismo<\/a><\/li><li><a href=\"http:\/\/www.epmrq.gob.ec\/\" target=\"_blank\" rel=\"noopener\">Rastro<\/a><\/li><li><a href=\"https:\/\/www.pasajerosquito.gob.ec\/\" target=\"_blank\" rel=\"noopener\">Transporte de Pasajeros<\/a><\/li><\/ul><\/li><\/ul><p>Secretar\u00edas<\/p><ul><li style=\"list-style-type: none;\"><ul><li><a href=\"https:\/\/ambiente.quito.gob.ec\/\" target=\"_blank\" rel=\"noopener\">Ambiente<\/a><\/li><li><a href=\"https:\/\/www.quito.gob.ec\/?page_id=612\" target=\"_blank\" rel=\"noopener\">Comunicaci\u00f3n<\/a>\u00a0<\/li><li><a href=\"https:\/\/coordinacionterritorial.quito.gob.ec\" target=\"_blank\" rel=\"noopener\">Coordinaci\u00f3n Territorial y\u00a0 Participaci\u00f3n\u00a0<\/a><\/li><li><a href=\"https:\/\/cultura.quito.gob.ec\" target=\"_blank\" rel=\"noopener\">Cultura<\/a><\/li><li><a href=\"https:\/\/desarrolloproductivo.quito.gob.ec\" target=\"_blank\" rel=\"noopener\">Desarrollo Econ\u00f3mico y Productivo<\/a><\/li><li><a href=\"https:\/\/educacion.quito.gob.ec\" target=\"_blank\" rel=\"noopener\">Educaci\u00f3n<\/a><\/li><li><a href=\"hhttps:\/\/politicas-privacidad.quito.gob.ec\/\" target=\"_blank\" rel=\"noopener\">Gobierno Digital y TICS<\/a><\/li><li><a href=\"http:\/\/secretariadehabitat.quito.gob.ec\/\" target=\"_blank\" rel=\"noopener\">H\u00e1bitat y Ordenamiento Territorial<\/a><\/li><li><a href=\"https:\/\/inclusionsocial.quito.gob.ec\/\" target=\"_blank\" rel=\"noopener\">Inclusi\u00f3n Social<\/a><\/li><li><a href=\"https:\/\/movilidad.quito.gob.ec\" target=\"_blank\" rel=\"noopener\">Movilidad<\/a><\/li><li><a href=\"https:\/\/gobiernoabierto.quito.gob.ec\" target=\"_blank\" rel=\"noopener\">Planificaci\u00f3n\u00a0<\/a><\/li><li><a href=\"https:\/\/salud.quito.gob.ec\" target=\"_blank\" rel=\"noopener\">Salud<\/a><\/li><li><a href=\"https:\/\/seguridad.quito.gob.ec\" target=\"_blank\" rel=\"noopener\">Seguridad y Gesti\u00f3n de Riesgos<\/a><\/li><\/ul><\/li><\/ul><p>Otras Dependencias<\/p><ul><li style=\"list-style-type: none;\"><ul><li><a href=\"https:\/\/www.quito.gob.ec\/?page_id=4401\" target=\"_blank\" rel=\"noopener\">Cooperaci\u00f3n y Asuntos Internacionales<\/a><\/li><li><a href=\"https:\/\/patrimonio.quito.gob.ec\/\" target=\"_blank\" rel=\"noopener\">Instituto Metropolitano de Patrimonio<\/a><\/li><li><a href=\"http:\/\/www.fundacionmuseosquito.gob.ec\/\">Museos de la Ciudad<\/a><\/li><li><a href=\"https:\/\/www.patronato.quito.gob.ec\" target=\"_blank\" rel=\"noopener\">Patronato Municipal San Jos\u00e9<\/a><\/li><li><a href=\"http:\/\/www.quitohonesto.gob.ec\/\" target=\"_blank\" rel=\"noopener\">Quito Honesto<\/a><\/li><li><a href=\"http:\/\/registrodelapropiedadquito.gob.ec\/\" target=\"_blank\" rel=\"noopener\">Registro de la Propiedad<\/a><\/li><li><a href=\"http:\/\/www.teatrosucre.org\/\" target=\"_blank\" rel=\"noopener\">Teatro Sucre<\/a><\/li><li><a href=\"https:\/\/bienestaranimal.quito.gob.ec\/\" target=\"_blank\" rel=\"noopener\">Unidad de Bienestar Animal<\/a><\/li><\/ul><\/li><\/ul><p>Agencias<\/p><ul><li style=\"list-style-type: none;\"><ul><li><a href=\"http:\/\/agenciadecontrol.quito.gob.ec\/\" target=\"_blank\" rel=\"noopener\">AMC<\/a><\/li><li style=\"text-align: left;\"><a href=\"http:\/\/www.amt.gob.ec\/\" target=\"_blank\" rel=\"noopener\">AMT<\/a><\/li><li style=\"text-align: left;\"><a href=\"http:\/\/www.conquito.org.ec\/\" target=\"_blank\" rel=\"noopener\">CONQUITO<\/a><\/li><li><a href=\"https:\/\/comercio.quito.gob.ec\/\" target=\"_blank\" rel=\"noopener\">Quito Comercio<\/a><\/li><\/ul><\/li><\/ul>\t\t\t\t\t\t\t\t<\/div>\n\t\t\t\t\t<\/div>\n\t\t\t\t<\/div>\n\t\t\t\t\t<\/div>\n\t\t\t\t<\/div>\n\t\t\t\t<\/div>\n\t\t","protected":false},"excerpt":{"rendered":"<p>MEN\u00da PRINCIPAL Inicio Inicio Puntos Wi-Fi Ciudad Inteligente Tips de Seguridad \u00a0 Nuestra Instituci\u00f3n\u00a0 Autoridad La ciudad que so\u00f1amos Filosof\u00eda [&hellip;]<\/p>\n","protected":false},"author":3,"featured_media":0,"parent":0,"menu_order":0,"comment_status":"closed","ping_status":"closed","template":"","meta":{"site-sidebar-layout":"no-sidebar","site-content-layout":"","ast-site-content-layout":"full-width-container","site-content-style":"default","site-sidebar-style":"default","ast-global-header-display":"","ast-banner-title-visibility":"","ast-main-header-display":"","ast-hfb-above-header-display":"","ast-hfb-below-header-display":"","ast-hfb-mobile-header-display":"","site-post-title":"disabled","ast-breadcrumbs-content":"","ast-featured-img":"disabled","footer-sml-layout":"","ast-disable-related-posts":"","theme-transparent-header-meta":"","adv-header-id-meta":"","stick-header-meta":"","header-above-stick-meta":"","header-main-stick-meta":"","header-below-stick-meta":"","astra-migrate-meta-layouts":"default","ast-page-background-enabled":"default","ast-page-background-meta":{"desktop":{"background-color":"var(--ast-global-color-5)","background-image":"","background-repeat":"repeat","background-position":"center center","background-size":"auto","background-attachment":"scroll","background-type":"","background-media":"","overlay-type":"","overlay-color":"","overlay-opacity":"","overlay-gradient":""},"tablet":{"background-color":"","background-image":"","background-repeat":"repeat","background-position":"center center","background-size":"auto","background-attachment":"scroll","background-type":"","background-media":"","overlay-type":"","overlay-color":"","overlay-opacity":"","overlay-gradient":""},"mobile":{"background-color":"","background-image":"","background-repeat":"repeat","background-position":"center center","background-size":"auto","background-attachment":"scroll","background-type":"","background-media":"","overlay-type":"","overlay-color":"","overlay-opacity":"","overlay-gradient":""}},"ast-content-background-meta":{"desktop":{"background-color":"var(--ast-global-color-4)","background-image":"","background-repeat":"repeat","background-position":"center center","background-size":"auto","background-attachment":"scroll","background-type":"","background-media":"","overlay-type":"","overlay-color":"","overlay-opacity":"","overlay-gradient":""},"tablet":{"background-color":"var(--ast-global-color-4)","background-image":"","background-repeat":"repeat","background-position":"center center","background-size":"auto","background-attachment":"scroll","background-type":"","background-media":"","overlay-type":"","overlay-color":"","overlay-opacity":"","overlay-gradient":""},"mobile":{"background-color":"var(--ast-global-color-4)","background-image":"","background-repeat":"repeat","background-position":"center center","background-size":"auto","background-attachment":"scroll","background-type":"","background-media":"","overlay-type":"","overlay-color":"","overlay-opacity":"","overlay-gradient":""}},"footnotes":""},"class_list":["post-112","page","type-page","status-publish","hentry"],"_links":{"self":[{"href":"https:\/\/politicas-privacidad.quito.gob.ec\/index.php?rest_route=\/wp\/v2\/pages\/112","targetHints":{"allow":["GET"]}}],"collection":[{"href":"https:\/\/politicas-privacidad.quito.gob.ec\/index.php?rest_route=\/wp\/v2\/pages"}],"about":[{"href":"https:\/\/politicas-privacidad.quito.gob.ec\/index.php?rest_route=\/wp\/v2\/types\/page"}],"author":[{"embeddable":true,"href":"https:\/\/politicas-privacidad.quito.gob.ec\/index.php?rest_route=\/wp\/v2\/users\/3"}],"replies":[{"embeddable":true,"href":"https:\/\/politicas-privacidad.quito.gob.ec\/index.php?rest_route=%2Fwp%2Fv2%2Fcomments&post=112"}],"version-history":[{"count":28,"href":"https:\/\/politicas-privacidad.quito.gob.ec\/index.php?rest_route=\/wp\/v2\/pages\/112\/revisions"}],"predecessor-version":[{"id":1091,"href":"https:\/\/politicas-privacidad.quito.gob.ec\/index.php?rest_route=\/wp\/v2\/pages\/112\/revisions\/1091"}],"wp:attachment":[{"href":"https:\/\/politicas-privacidad.quito.gob.ec\/index.php?rest_route=%2Fwp%2Fv2%2Fmedia&parent=112"}],"curies":[{"name":"wp","href":"https:\/\/api.w.org\/{rel}","templated":true}]}}